{"id":8,"date":"2018-04-25T09:16:16","date_gmt":"2018-04-25T09:16:16","guid":{"rendered":"http:\/\/demo.themefreesia.com\/photograph\/?page_id=8"},"modified":"2024-04-18T21:27:12","modified_gmt":"2024-04-18T19:27:12","slug":"about-us","status":"publish","type":"page","link":"https:\/\/sercemalowane.pl\/?page_id=8","title":{"rendered":"O MNIE"},"content":{"rendered":"<p>Za co najbardziej lubi\u0119 sesje rodzinne?<\/p>\n<p>Za to, \u017ce moje zdj\u0119cia pozostaj\u0105 z Pa\u0144stwem na ca\u0142e \u017cycie.<\/p>\n<p>Zdj\u0119cia w albumach ogl\u0105dacie Pa\u0144stwo, b\u0119d\u0105 je ogl\u0105da\u0142y Pa\u0144stwa dzieci, a mo\u017ce i dzieci Waszych dzieci.<\/p>\n<p>Nazywam si\u0119 Mateusz Karatysz, fotografia to moja pasja, kt\u00f3ra daje mi rado\u015b\u0107 ka\u017cdego dnia ju\u017c od ponad 17 lat.<\/p>\n<p>Zapraszam, a podziel\u0119 si\u0119 z Pa\u0144stwem z serca malowanymi zdj\u0119ciami.<\/p>\n","protected":false},"excerpt":{"rendered":"<p>Za co najbardziej lubi\u0119 sesje rodzinne? Za to, \u017ce moje zdj\u0119cia pozostaj\u0105 z Pa\u0144stwem na ca\u0142e \u017cycie. Zdj\u0119cia w albumach ogl\u0105dacie Pa\u0144stwo, b\u0119d\u0105 je ogl\u0105da\u0142y&hellip; <\/p>\n","protected":false},"author":1,"featured_media":426,"parent":0,"menu_order":0,"comment_status":"closed","ping_status":"closed","template":"page-templates\/aboutus-template.php","meta":{"footnotes":""},"aioseo_notices":[],"_links":{"self":[{"href":"https:\/\/sercemalowane.pl\/index.php?rest_route=\/wp\/v2\/pages\/8"}],"collection":[{"href":"https:\/\/sercemalowane.pl\/index.php?rest_route=\/wp\/v2\/pages"}],"about":[{"href":"https:\/\/sercemalowane.pl\/index.php?rest_route=\/wp\/v2\/types\/page"}],"author":[{"embeddable":true,"href":"https:\/\/sercemalowane.pl\/index.php?rest_route=\/wp\/v2\/users\/1"}],"replies":[{"embeddable":true,"href":"https:\/\/sercemalowane.pl\/index.php?rest_route=%2Fwp%2Fv2%2Fcomments&post=8"}],"version-history":[{"count":5,"href":"https:\/\/sercemalowane.pl\/index.php?rest_route=\/wp\/v2\/pages\/8\/revisions"}],"predecessor-version":[{"id":353,"href":"https:\/\/sercemalowane.pl\/index.php?rest_route=\/wp\/v2\/pages\/8\/revisions\/353"}],"wp:featuredmedia":[{"embeddable":true,"href":"https:\/\/sercemalowane.pl\/index.php?rest_route=\/wp\/v2\/media\/426"}],"wp:attachment":[{"href":"https:\/\/sercemalowane.pl\/index.php?rest_route=%2Fwp%2Fv2%2Fmedia&parent=8"}],"curies":[{"name":"wp","href":"https:\/\/api.w.org\/{rel}","templated":true}]}}